{"id":2455,"date":"2026-04-08T18:54:42","date_gmt":"2026-04-08T18:54:42","guid":{"rendered":"https:\/\/chopcon.dk\/?page_id=2455"},"modified":"2026-04-08T19:11:18","modified_gmt":"2026-04-08T19:11:18","slug":"vedtaegter","status":"publish","type":"page","link":"https:\/\/chopcon.dk\/index.php\/vedtaegter\/","title":{"rendered":"Vedt\u00e6gter"},"content":{"rendered":"\n<h4 class=\"wp-block-heading\">\u00a7 1. Navn og hjemsted<\/h4>\n\n\n\n<p>Stk. 1. Foreningens navn er Foreningen for afholdelse af ChopCon (FFAC).<\/p>\n\n\n\n<p>Stk. 2. Foreningens hjemsted er Guldborgsund Kommune.<\/p>\n\n\n\n<hr class=\"wp-block-separator has-alpha-channel-opacity is-style-wide\"\/>\n\n\n\n<h4 class=\"wp-block-heading\">\u00a7 2. Form\u00e5l<\/h4>\n\n\n\n<p>Stk. 1. Foreningens form\u00e5l er at afholde det \u00e5rlige rollespilsarrangement ChopCon.<\/p>\n\n\n\n<hr class=\"wp-block-separator has-alpha-channel-opacity is-style-wide\"\/>\n\n\n\n<h4 class=\"wp-block-heading\">\u00a7 3. Medlemskreds<\/h4>\n\n\n\n<p>Stk. 1. Som medlemmer optages enhver p\u00e5 minimum 16 \u00e5r, som har lyst og vilje til at arbejde for foreningens form\u00e5l.<\/p>\n\n\n\n<p>Stk. 2. Indmeldelse sker p\u00e5 foreningens indmeldelsesblanket. Medlemskabet er f\u00f8rst gyldigt, n\u00e5r medlemmet har betalt kontingent.<\/p>\n\n\n\n<p>Stk. 3. Udmeldelse kan ske ved skriftlig henvendelse til kassereren med virkning fra udgangen af det p\u00e5g\u00e6ldende regnskabs\u00e5r.<\/p>\n\n\n\n<p>Stk. 4. Medlemmerne betaler et af generalforsamlingen fastsat kontingent. Kontingentet opkr\u00e6ves forud for hvert regnskabs\u00e5r.<\/p>\n\n\n\n<hr class=\"wp-block-separator has-alpha-channel-opacity is-style-wide\"\/>\n\n\n\n<h4 class=\"wp-block-heading\">\u00a7 4. Udelukkelse og eksklusion<\/h4>\n\n\n\n<p>Stk. 1. Et medlem kan udelukkes midlertidigt eller permanent (eksklusion), s\u00e5fremt vedkommendes opf\u00f8rsel strider mod foreningens vedt\u00e6gter, s\u00e5fremt medlemmet p\u00e5 s\u00e6rlig grov m\u00e5de har tilsidesat sine medlemsforpligtelser, eller s\u00e5fremt andre s\u00e6rlige forhold giver anledning dertil.<\/p>\n\n\n\n<p>Stk. 2. Udelukkelse eller eksklusion kr\u00e6ver 2\/3 flertal af bestyrelsens medlemmer.<\/p>\n\n\n\n<p>Stk. 3. I sager om udelukkelse har medlemmet krav p\u00e5 at blive h\u00f8rt, inden bestyrelsen tr\u00e6ffer sin afg\u00f8relse.<\/p>\n\n\n\n<p>Stk. 4. I sager om eksklusion har medlemmet desuden krav p\u00e5, at sagen afg\u00f8res p\u00e5 f\u00f8rstkommende generalforsamling, og at sagen s\u00e6ttes p\u00e5 dagsordenen som et s\u00e6rligt punkt. Kravet har ikke ops\u00e6ttende virkning p\u00e5 eksklusionen. Den ekskluderet skal have mindst tre ugers varsel om generalforsamlingens afholdelse og har adgang til generalforsamlingen med ret til at udtale sig om sp\u00f8rgsm\u00e5let om eksklusion.<\/p>\n\n\n\n<hr class=\"wp-block-separator has-alpha-channel-opacity is-style-wide\"\/>\n\n\n\n<h4 class=\"wp-block-heading\">\u00a7 5. Generalforsamlingen<\/h4>\n\n\n\n<p>Stk. 1. Generalforsamlingen er foreningens h\u00f8jeste myndighed.<\/p>\n\n\n\n<p>Stk. 2. Ordin\u00e6r generalforsamling afholdes \u00e9n gang \u00e5rligt i direkte forl\u00e6ngelse af selve \u00e5rets Chop Con arrangement (dvs. s\u00f8ndag umiddelbart efter sidste spilblok).<\/p>\n\n\n\n<p>Stk. 3. M\u00f8de- og stemmeberettigede p\u00e5 generalforsamlingen er alle medlemmer, der senest ugedagen forinden har betalt forfaldent kontingent. Der kan ikke afstemmes ved fuldmagt.<\/p>\n\n\n\n<p>Stk. 4. Dagsordenen for den ordin\u00e6re generalforsamling skal mindst indeholde f\u00f8lgende punkter:<\/p>\n\n\n\n<ol class=\"wp-block-list\">\n<li>Valg af stemmet\u00e6llere<\/li>\n\n\n\n<li>Valg af dirigent<\/li>\n\n\n\n<li>Formandens beretning<\/li>\n\n\n\n<li>Regnskabsafl\u00e6ggelse<\/li>\n\n\n\n<li>Resultat af \u00e5rets ChopCon<\/li>\n\n\n\n<li>Behandling af indkommende forslag<\/li>\n\n\n\n<li>Fasts\u00e6ttelse af kontingent<\/li>\n\n\n\n<li>Godkendelse af budget<\/li>\n\n\n\n<li>Valg af bestyrelse<\/li>\n\n\n\n<li>Valg af 2 suppleanter<\/li>\n\n\n\n<li>Valg af revisorer<\/li>\n\n\n\n<li>Valg af revisorsuppleant<\/li>\n\n\n\n<li>Eventuelt<\/li>\n<\/ol>\n\n\n\n<p>Stk. 5. Forslag, der \u00f8nskes behandlet p\u00e5 generalforsamlingen, skal v\u00e6re bestyrelsen i h\u00e6nde senest 3 uger f\u00f8r afholdelsen af generalforsamlingen.<\/p>\n\n\n\n<p>Stk. 6. Generalforsamlingen ledes af en dirigent, der ikke m\u00e5 v\u00e6re medlem af bestyrelsen.<\/p>\n\n\n\n<p>Stk. 7. Generalforsamlingen tr\u00e6ffer sine beslutninger med simpelt flertal (en over halvdelen af de gyldigt afgivne stemmer) og ved h\u00e5ndsopr\u00e6kning. Skriftlig afstemning anvendes dog, n\u00e5r det beg\u00e6res af blot \u00e9n m\u00f8dedeltager. Hvert medlem kan maksimalt afgive et antal stemmer, svarende til det antal personer, der skal v\u00e6lges.<\/p>\n\n\n\n<hr class=\"wp-block-separator has-alpha-channel-opacity is-style-wide\"\/>\n\n\n\n<h4 class=\"wp-block-heading\">\u00a7 6. Ekstraordin\u00e6r generalforsamling<\/h4>\n\n\n\n<p>Stk. 1. Ekstraordin\u00e6r generalforsamling kan afholdes, n\u00e5r bestyrelsen finder det n\u00f8dvendigt, og skal afholdes n\u00e5r mindst 1\/3 af medlemmerne frems\u00e6tter skriftlig begrundet anmodning om det over for formanden. I s\u00e5danne tilf\u00e6lde skal generalforsamlingen afholdes senest fire uger efter, at anmodningen er kommet til formandens kundskab.<\/p>\n\n\n\n<p>Stk. 2. Indkaldelsesfristen for en ekstraordin\u00e6r generalforsamling er 2 uger.<\/p>\n\n\n\n<hr class=\"wp-block-separator has-alpha-channel-opacity is-style-wide\"\/>\n\n\n\n<h4 class=\"wp-block-heading\">\u00a7 7. Foreningens daglige ledelse<\/h4>\n\n\n\n<p>Stk. 1. Foreningens daglige ledelse udg\u00f8res af bestyrelsen, der foruden formanden best\u00e5r af n\u00e6stformanden, kassereren og 2 yderligere medlemmer. Bestyrelsen v\u00e6lges for en 2-\u00e5rig periode, s\u00e5ledes at der hvert lige \u00e5r v\u00e6lges kasserer, n\u00e6stformand og 1 medlem, og der hvert ulige \u00e5r v\u00e6lges formand og 1 medlem.<\/p>\n\n\n\n<p>Stk. 2. Bestyrelsen leder foreningen i overensstemmelse med n\u00e6rv\u00e6rende vedt\u00e6gter og generalforsamlingens beslutninger.<\/p>\n\n\n\n<p>Stk. 3. Senest 14 dage efter nyvalg til bestyrelsen afholdes konstituerende m\u00f8de, hvor bestyrelsen af og blandt sine medlemmer v\u00e6lger n\u00e6stformand og sekret\u00e6r. Alle tillidsposter g\u00e6lder frem til n\u00e6ste generalforsamling.<\/p>\n\n\n\n<p>Stk. 4. Bestyrelsen fasts\u00e6tter i \u00f8vrigt selv sin forretningsorden. Den kan neds\u00e6tte underudvalg og arbejdsgrupper til varetagelse af afgr\u00e6nsede opgaver.<\/p>\n\n\n\n<p>Stk. 5. Formanden indkalder og leder bestyrelsens m\u00f8der. Indkaldelse sker skriftligt med angivelse af dagsorden, n\u00e5r formanden sk\u00f8nner det n\u00f8dvendigt, eller mindst 2 medlemmer af bestyrelsen frems\u00e6tter \u00f8nske om det overfor formanden. I s\u00e5danne tilf\u00e6lde afholdes m\u00f8det senest 1 m\u00e5ned efter anmodningen er kommet til formandens kundskab.<\/p>\n\n\n\n<hr class=\"wp-block-separator has-alpha-channel-opacity is-style-wide\"\/>\n\n\n\n<h4 class=\"wp-block-heading\">\u00a7 8. \u00d8konomi, regnskab og revision<\/h4>\n\n\n\n<p>Stk. 1. Foreningens regnskabs\u00e5r f\u00f8lger kalender\u00e5ret.<\/p>\n\n\n\n<p>Stk. 2. Bestyrelsen er ansvarlig overfor generalforsamlingen for budget og regnskab.<\/p>\n\n\n\n<p>Stk. 3. Foreningens regnskab f\u00f8res af kassereren, der tillige f\u00f8rer foreningens medlemsregister.<\/p>\n\n\n\n<p>Stk. 4. Regnskabet revideres af de p\u00e5 generalforsamlingen valgte revisorer.<\/p>\n\n\n\n<hr class=\"wp-block-separator has-alpha-channel-opacity is-style-wide\"\/>\n\n\n\n<h4 class=\"wp-block-heading\">\u00a7 9. Tegningsregler og h\u00e6ftelse<\/h4>\n\n\n\n<p>Stk. 1. Foreningen tegnes udadtil ved underskrift af formanden og mindst et yderligere bestyrelsesmedlem i foreningen. Ved optagelse af l\u00e5n og ved salg\/pants\u00e6tning af fast ejendom tegnes foreningen af den samlede bestyrelse.<\/p>\n\n\n\n<p>Stk. 2. Kassereren st\u00e5r for varetagelse af foreningens formue, herunder indkassering af kontingent samt betaling af regninger. Kassereren kan r\u00e5de over foreningens konti, herunder betalingskort og netbank til foreningens konti, samt indg\u00e5 aftale herom.<\/p>\n\n\n\n<p>Stk. 3. Der p\u00e5hviler ikke foreningens medlemmer nogen personlig h\u00e6ftelse for de forpligtelser, der p\u00e5hviler foreningen.<\/p>\n\n\n\n<hr class=\"wp-block-separator has-alpha-channel-opacity is-style-wide\"\/>\n\n\n\n<h4 class=\"wp-block-heading\">\u00a7 10. Vedt\u00e6gts\u00e6ndringer<\/h4>\n\n\n\n<p>Stk. 1. Disse vedt\u00e6gter kan kun \u00e6ndres ved 2\/3 flertal p\u00e5 en generalforsamling, hvor \u00e6ndringsforslaget fremst\u00e5r af dagsordenen.<\/p>\n\n\n\n<p>Stk. 2. Vedt\u00e6gts\u00e6ndringerne tr\u00e6der i kraft med virkning fra den generalforsamling, de vedtages p\u00e5.<\/p>\n\n\n\n<hr class=\"wp-block-separator has-alpha-channel-opacity is-style-wide\"\/>\n\n\n\n<h4 class=\"wp-block-heading\">\u00a7 11. Opl\u00f8sning<\/h4>\n\n\n\n<p>Stk. 1. Opl\u00f8sning af foreningen kan kun finde sted med 2\/3 flertal p\u00e5 to hinanden f\u00f8lgende generalforsamlinger, hvoraf den ene skal v\u00e6re ordin\u00e6r.<\/p>\n\n\n\n<p>Stk. 2. Foreningens formue skal i tilf\u00e6lde af opl\u00f8sning anvendes i overensstemmelse med de i \u00a7 2 fastsatte form\u00e5l eller til andre almennyttige form\u00e5l. Beslutning om den konkrete anvendelse af formuen tr\u00e6ffes af den opl\u00f8sende generalforsamling.<\/p>\n\n\n\n<hr class=\"wp-block-separator has-alpha-channel-opacity is-style-wide\"\/>\n\n\n\n<h4 class=\"wp-block-heading\">\u00a7 12. Datering<\/h4>\n\n\n\n<p>Stk. 1. S\u00e5ledes vedtaget p\u00e5 foreningens stiftende generalforsamling den 17. maj 2017, og senest \u00e6ndret p\u00e5 den ordin\u00e6re generalforsamling den 21. juni 2019.<\/p>\n\n\n\n<hr class=\"wp-block-separator has-alpha-channel-opacity is-style-wide\"\/>\n","protected":false},"excerpt":{"rendered":"<p>\u00a7 1. Navn og hjemsted Stk. 1. Foreningens navn er Foreningen for afholdelse af ChopCon (FFAC). Stk. 2. Foreningens hjemsted er Guldborgsund Kommune. \u00a7 2. Form\u00e5l Stk. 1. Foreningens form\u00e5l &hellip; <a href=\"https:\/\/chopcon.dk\/index.php\/vedtaegter\/\" class=\"more-link\">Continue reading <span class=\"screen-reader-text\">Vedt\u00e6gter<\/span> <span class=\"meta-nav\">&rarr;<\/span><\/a><\/p>\n","protected":false},"author":5,"featured_media":0,"parent":0,"menu_order":0,"comment_status":"closed","ping_status":"closed","template":"","meta":{"ngg_post_thumbnail":0,"footnotes":""},"class_list":["post-2455","page","type-page","status-publish","hentry"],"_links":{"self":[{"href":"https:\/\/chopcon.dk\/index.php\/wp-json\/wp\/v2\/pages\/2455","targetHints":{"allow":["GET"]}}],"collection":[{"href":"https:\/\/chopcon.dk\/index.php\/wp-json\/wp\/v2\/pages"}],"about":[{"href":"https:\/\/chopcon.dk\/index.php\/wp-json\/wp\/v2\/types\/page"}],"author":[{"embeddable":true,"href":"https:\/\/chopcon.dk\/index.php\/wp-json\/wp\/v2\/users\/5"}],"replies":[{"embeddable":true,"href":"https:\/\/chopcon.dk\/index.php\/wp-json\/wp\/v2\/comments?post=2455"}],"version-history":[{"count":2,"href":"https:\/\/chopcon.dk\/index.php\/wp-json\/wp\/v2\/pages\/2455\/revisions"}],"predecessor-version":[{"id":2459,"href":"https:\/\/chopcon.dk\/index.php\/wp-json\/wp\/v2\/pages\/2455\/revisions\/2459"}],"wp:attachment":[{"href":"https:\/\/chopcon.dk\/index.php\/wp-json\/wp\/v2\/media?parent=2455"}],"curies":[{"name":"wp","href":"https:\/\/api.w.org\/{rel}","templated":true}]}}